{"id":11419,"date":"2016-12-05T16:29:56","date_gmt":"2016-12-05T16:29:56","guid":{"rendered":"https:\/\/nex.vamtam.com\/?page_id=11419"},"modified":"2025-05-14T20:40:14","modified_gmt":"2025-05-14T20:40:14","slug":"anasayfa","status":"publish","type":"page","link":"https:\/\/www.superlitgs.com\/en\/","title":{"rendered":"Homepage"},"content":{"rendered":"<div class=\"vgblk-rw-wrapper limit-wrapper\">\n<h3>\n\tSustainable\n\t<\/h3>\n\t<p>With its many years of experience, Superlit has started to produce sustainable solutions against corrosion in soilless agriculture and greenhouse areas.<\/p>\n<h3>\n\tInvestment\n\t<\/h3>\n\t<p>Since the composite products are light, durable and long-lasting, the return period of the investment made in the greenhouse area is shortened.<\/p>\n<h3>\n\tIndustrial\n\t<\/h3>\n\t<p>After determining the developments and needs in industrial agriculture, Superlit discovered the advantages that composite products would bring to the sector.<\/p>\n<h3>\n\tEcological\n\t<\/h3>\n\t<p>Superlit will continue to promote the use of composite products in soilless agriculture and greenhouse areas by providing environmentally friendly and sustainable solutions.<\/p>\n<h5>\n\tOur company\n\t<\/h5>\n\t<h2>Superlit Greenhouse Solutions is the establishment of<br \/>\n<strong>Superlit Boru San. A.\u015e. company.<\/strong><\/h2>\n\t<p>Our team of industry professionals in Composite Solutions for Industrial Agriculture provides the information and recommendations you need for your project.<\/p>\n<h2>\n\t1961&#8217;den beri\n\t<\/h2>\n\t<p>Composite and Greenhouse Solutions<\/p>\n\t<a href=\"https:\/\/www.superlitgs.com\/en\/hakkimizda\/\" target=\"_self\" role=\"button\" rel=\"noopener\">\n\t\t\t\t\tAbout Us\n\t<\/a>\n<h5>\n\tInnovative solutions\n\t<\/h5>\n\t<h2>Why<br \/>\n<strong>Composite?<\/strong><\/h2>\n\t<p>Composite products offer numerous advantages in many areas of greenhouses. Firstly, composite materials are lighter and more durable compared to steel materials and do not carry the risk of corrosion.<\/p>\n<h4>\n\tEnvironment and Nature Friendly\n\t<\/h4>\n\t<p>The chemicals and humid environment in greenhouses increase the corrosion rate of steel materials and shorten their service life. In contrast, composite materials are environmentally friendly and long-lasting, making them a more sustainable choice for greenhouse structures.<\/p>\n<h4>\n\tHealty &amp; Safety\n\t<\/h4>\n\t<p>Topraks\u0131z tar\u0131m ve sera alanlar\u0131ndaki y\u00fcksek nem ve s\u0131cakl\u0131k ko\u015fullar\u0131, kullan\u0131lmakta olan malzemeler i\u00e7in korozyon riski ta\u015f\u0131rken Superlit&#8217;in kompozit \u00fcr\u00fcnleri bu riski ortadan kald\u0131r\u0131r.<\/p>\n<h4>\n\tLong-Term Solutions\n\t<\/h4>\n\t<p>Composite materials require less maintenance throughout their lifespan and can withstand various weather conditions. Therefore, they provide greenhouse owners with a long-term investment.<\/p>\n\t<h2><strong><a href=\"http:\/\/superlit.com\/\" target=\"_blank\" rel=\"noopener\">About<\/a><\/strong><br \/>\n<a href=\"http:\/\/superlit.com\/\" target=\"_blank\" rel=\"noopener\"><strong>Our Application Areas<\/strong><\/a><\/h2>\n\t<p>Superlit, &#8220;S\u00fcrekli Elyaf Sarma&#8221;, &#8220;Savurma D\u00f6k\u00fcm&#8221; ve &#8220;Helisel Sarma&#8221; y\u00f6ntemleriyle T\u00fcrkiye&#8217;de 3 farkl\u0131 teknoloji ile cam elyaf takviyeli polyester (CTP) boru \u00fcretimi yapabilen tek boru \u00fcreticisidir.<\/p>\n\t\u25ce \u00a0 Clean water and potable water<br \/>\n\u25ce \u00a0 \u00a0Irrigation<br \/>\n\u25ce \u00a0 \u00a0Hydroelectric power plant<br \/>\n\u25ce \u00a0 \u00a0Sewer system, stormwater<br \/>\n\u25ce \u00a0 \u00a0Water treatment<br \/>\n\u25ce \u00a0 \u00a0Seawater intake and discharge  \n\t<a href=\"http:\/\/superlit.com\/\" target=\"_self\" role=\"button\" rel=\"noopener\">\n\t\t\t\t\tOur Application Areas\n\t<\/a>\n\t\t\t\t\t\t\t<img decoding=\"async\" loading=\"lazy\" src=\"https:\/\/www.superlitgs.com\/wp-content\/uploads\/2023\/06\/anasayfa-yan-gorsel-en.png\" alt=\"anasayfa-yan-go\u0308rsel\" itemprop=\"image\" height=\"634\" width=\"859\" title=\"anasayfa-yan-go\u0308rsel\" onerror=\"this.style.display='none'\"  sizes=\"auto, (max-width: 768px) 100vw, 100vw\" srcset=\"https:\/\/www.superlitgs.com\/wp-content\/uploads\/2023\/06\/anasayfa-yan-gorsel-en.png 859w, https:\/\/www.superlitgs.com\/wp-content\/uploads\/2023\/06\/anasayfa-yan-gorsel-en-300x221.png 300w, https:\/\/www.superlitgs.com\/wp-content\/uploads\/2023\/06\/anasayfa-yan-gorsel-en-768x567.png 768w, https:\/\/www.superlitgs.com\/wp-content\/uploads\/2023\/06\/anasayfa-yan-gorsel-en-16x12.png 16w, https:\/\/www.superlitgs.com\/wp-content\/uploads\/2023\/06\/anasayfa-yan-gorsel-en-630x465.png 630w, https:\/\/www.superlitgs.com\/wp-content\/uploads\/2023\/06\/anasayfa-yan-gorsel-en-420x310.png 420w, https:\/\/www.superlitgs.com\/wp-content\/uploads\/2023\/06\/anasayfa-yan-gorsel-en-840x620.png 840w, https:\/\/www.superlitgs.com\/wp-content\/uploads\/2023\/06\/anasayfa-yan-gorsel-en-315x232.png 315w\" \/>\t\t\t\t\t\t\t\n<h5>\n\tTECHNOLOGY and QUALITY\n\t<\/h5>\n\t<h2>For a Sustainable <strong>Future <\/strong><\/h2>\n\t<p>As Superlit, which has more than 60 years of experience in the production of insulation materials resistant to high temperatures,we produce thermal insulation materials that enable pipes and equipment used in industrial facilities to operate at high temperatures.<\/p>\n<p>Superlit products are designed to meet the needs of customers in various industries. These high-temperature resistant materials provide energy savings and minimize their impact on the environment.<\/p>\n<p>uperlit is a company with ISO 9001:2015 Quality Management System certification and continuously conducts R&amp;D activities to provide its customers with high-quality and reliable products.<\/p>\n<p>Superlit&#8217;in \u00fcr\u00fcn yelpazesi, end\u00fcstriyel tesislerde kullan\u0131lan borular\u0131n ve ekipmanlar\u0131n y\u00fcksek s\u0131cakl\u0131klarda \u00e7al\u0131\u015fmas\u0131n\u0131 sa\u011flama i\u00e7in \u00e7e\u015fitli termal yal\u0131t\u0131m malzemelerini i\u00e7erir. Bu malzemeler aras\u0131nda, y\u00fcksek s\u0131cakl\u0131klara dayan\u0131kl\u0131 hafif yal\u0131t\u0131m panelleri, boru izolasyonlar\u0131, farkl\u0131 kal\u0131nl\u0131klarda \u0131s\u0131 yal\u0131t\u0131m levhalar\u0131 ve esnek izolasyon malzemeleri gibi \u00e7e\u015fitli se\u00e7enekler bulunur.<\/p>\n<p>M\u00fc\u015fterilerimizin ihtiya\u00e7lar\u0131na uygun \u00f6zelle\u015ftirilmi\u015f \u00fcr\u00fcnler de sunarak yal\u0131t\u0131m projelerinin her a\u015famas\u0131nda teknik destek sa\u011flamak i\u00e7in elimizden geleni yap\u0131yoruz. Ayr\u0131ca Superlit&#8217;in y\u00fcksek kaliteli \u00fcr\u00fcnleri ve m\u00fc\u015fteri odakl\u0131 hizmetleri, end\u00fcstriyel tesislerde yal\u0131t\u0131m alan\u0131nda \u00f6nc\u00fc bir \u015firket olmas\u0131n\u0131 sa\u011flamaktad\u0131r.<\/p>\n\t\t\t\t<a href=\"https:\/\/www.youtube.com\/watch?v=wvLtxI1KnZQ&amp;feature=youtu.be&amp;ab_channel=SuperlitPipeIndustries\" target=\"_blank\" rel=\"noopener\" itemprop=\"url\" title=\"video-thumb\">\n\t\t\t\t\t\t\t<img decoding=\"async\" loading=\"lazy\" src=\"https:\/\/www.superlitgs.com\/wp-content\/uploads\/2023\/06\/video-thumb.png\" alt=\"video-thumb\" itemprop=\"image\" height=\"926\" width=\"1382\" data-link-type=\"url\" title=\"video-thumb\" onerror=\"this.style.display='none'\"  sizes=\"auto, (max-width: 768px) 100vw, 100vw\" srcset=\"https:\/\/www.superlitgs.com\/wp-content\/uploads\/2023\/06\/video-thumb.png 1382w, https:\/\/www.superlitgs.com\/wp-content\/uploads\/2023\/06\/video-thumb-300x201.png 300w, https:\/\/www.superlitgs.com\/wp-content\/uploads\/2023\/06\/video-thumb-1024x686.png 1024w, https:\/\/www.superlitgs.com\/wp-content\/uploads\/2023\/06\/video-thumb-768x515.png 768w, https:\/\/www.superlitgs.com\/wp-content\/uploads\/2023\/06\/video-thumb-18x12.png 18w, https:\/\/www.superlitgs.com\/wp-content\/uploads\/2023\/06\/video-thumb-1260x844.png 1260w, https:\/\/www.superlitgs.com\/wp-content\/uploads\/2023\/06\/video-thumb-630x422.png 630w, https:\/\/www.superlitgs.com\/wp-content\/uploads\/2023\/06\/video-thumb-420x281.png 420w, https:\/\/www.superlitgs.com\/wp-content\/uploads\/2023\/06\/video-thumb-840x563.png 840w, https:\/\/www.superlitgs.com\/wp-content\/uploads\/2023\/06\/video-thumb-315x211.png 315w\" \/>\t\t\t\t\t\t<\/a>\n\n<\/div><!-- .vgblk-rw-wrapper -->","protected":false},"excerpt":{"rendered":"<p>S\u00fcrd\u00fcr\u00fclebilir Uzun y\u0131llara dayanan tecr\u00fcbesiyle, topraks\u0131z tar\u0131m ve sera alanlar\u0131nda korozyona kar\u015f\u0131 s\u00fcrd\u00fcr\u00fclebilir \u00e7\u00f6z\u00fcmler \u00fcretmeye ba\u015flam\u0131\u015ft\u0131r. Yat\u0131r\u0131m Kompozit \u00fcr\u00fcnleri hafif, dayan\u0131kl\u0131 ve uzun \u00f6m\u00fcrl\u00fc oldu\u011fu i\u00e7in sera alan\u0131nda yap\u0131lan yat\u0131r\u0131m\u0131n geri d\u00f6n\u00fc\u015f s\u00fcresi de k\u0131salmaktad\u0131r. End\u00fcstriyel End\u00fcstriyel tar\u0131mdaki geli\u015fmeleri ve ihtiya\u00e7lar\u0131 belirledikten sonra kompozit \u00fcr\u00fcnlerin sekt\u00f6re getirece\u011fi avantajlar\u0131 ke\u015ffetmi\u015ftir. Ekolojik \u00c7evre dostu ve s\u00fcrd\u00fcr\u00fclebilir \u00e7\u00f6z\u00fcmler&#8230;<\/p>","protected":false},"author":1,"featured_media":0,"parent":0,"menu_order":0,"comment_status":"closed","ping_status":"closed","template":"","meta":{"om_disable_all_campaigns":false,"inline_featured_image":false,"_mi_skip_tracking":false,"_monsterinsights_sitenote_active":false,"_monsterinsights_sitenote_note":"","_monsterinsights_sitenote_category":0,"footnotes":""},"class_list":["post-11419","page","type-page","status-publish","hentry"],"_links":{"self":[{"href":"https:\/\/www.superlitgs.com\/en\/wp-json\/wp\/v2\/pages\/11419","targetHints":{"allow":["GET"]}}],"collection":[{"href":"https:\/\/www.superlitgs.com\/en\/wp-json\/wp\/v2\/pages"}],"about":[{"href":"https:\/\/www.superlitgs.com\/en\/wp-json\/wp\/v2\/types\/page"}],"author":[{"embeddable":true,"href":"https:\/\/www.superlitgs.com\/en\/wp-json\/wp\/v2\/users\/1"}],"replies":[{"embeddable":true,"href":"https:\/\/www.superlitgs.com\/en\/wp-json\/wp\/v2\/comments?post=11419"}],"version-history":[{"count":53,"href":"https:\/\/www.superlitgs.com\/en\/wp-json\/wp\/v2\/pages\/11419\/revisions"}],"predecessor-version":[{"id":988039,"href":"https:\/\/www.superlitgs.com\/en\/wp-json\/wp\/v2\/pages\/11419\/revisions\/988039"}],"wp:attachment":[{"href":"https:\/\/www.superlitgs.com\/en\/wp-json\/wp\/v2\/media?parent=11419"}],"curies":[{"name":"wp","href":"https:\/\/api.w.org\/{rel}","templated":true}]}}