{"id":13349,"date":"2017-07-31T13:05:22","date_gmt":"2017-07-31T13:05:22","guid":{"rendered":"https:\/\/nex.vamtam.com\/?page_id=13349"},"modified":"2023-05-31T16:42:26","modified_gmt":"2023-05-31T16:42:26","slug":"hakkimizda","status":"publish","type":"page","link":"https:\/\/www.superlitgs.com\/en\/hakkimizda\/","title":{"rendered":"About Us"},"content":{"rendered":"<div class=\"vgblk-rw-wrapper limit-wrapper\">\n<h2>\n\tT\u00fcrk sanayi sekt\u00f6r\u00fcnde \u00f6nemli bir role sahip KARAMANCI HOLD\u0130NG&#8217;in ilk \u015firketi olan SUPERL\u0130T 1961 y\u0131l\u0131nda kurulmu\u015ftur.\n\t<\/h2>\n\t<p>Superlit 2021 y\u0131l\u0131ndan itibaren, kompozit sekt\u00f6r\u00fcndeki uzun y\u0131llara dayanan tecr\u00fcbesiyle, topraks\u0131z tar\u0131m ve sera alanlar\u0131nda korozyona kar\u015f\u0131 s\u00fcrd\u00fcr\u00fclebilir \u00e7\u00f6z\u00fcmler \u00fcretmeye ba\u015flam\u0131\u015ft\u0131r. End\u00fcstriyel tar\u0131mdaki geli\u015fmeleri ve ihtiya\u00e7lar\u0131 belirledikten sonra kompozit \u00fcr\u00fcnlerin sekt\u00f6re getirece\u011fi avantajlar\u0131 ke\u015ffetmi\u015ftir. Topraks\u0131z tar\u0131m ve sera alanlar\u0131ndaki y\u00fcksek nem ve s\u0131cakl\u0131k ko\u015fullar\u0131, kullan\u0131lmakta olan malzemeler i\u00e7in korozyon riski ta\u015f\u0131rken, Superlit&#8217;in kompozit \u00fcr\u00fcnleri bu riski ortadan kald\u0131r\u0131r. Ayr\u0131ca, Superlit&#8217;in kompozit \u00fcr\u00fcnleri hafif, dayan\u0131kl\u0131 ve uzun \u00f6m\u00fcrl\u00fc oldu\u011fu i\u00e7in, sera alan\u0131nda yap\u0131lan yat\u0131r\u0131m\u0131n geri d\u00f6n\u00fc\u015f s\u00fcresi de k\u0131salmaktad\u0131r. Superlit, m\u00fc\u015fterilerinin ihtiya\u00e7lar\u0131na g\u00f6re \u00f6zelle\u015ftirilebilen, \u00e7evre dostu ve s\u00fcrd\u00fcr\u00fclebilir \u00e7\u00f6z\u00fcmler sunarak topraks\u0131z tar\u0131m ve sera alanlar\u0131nda kompozit \u00fcr\u00fcnlerin kullan\u0131m\u0131n\u0131 te\u015fvik etmeye devam edecektir.<\/p>\n<p>SUPERLIT, which manufactures and sells pressure and non-pressure GRP (Glassfiber Reinforced Polyester) pipes in compliance with international standards, has become a favored brand on 5 continents worldwide, thanks to a wide range of products, its reliable quality and before-sales and after-sales technical \/ consultancy services it renders.\u00a0<\/p>\n<p>T\u00fcrkiye&#8217;de Devlet Su \u0130\u015fleri, \u0130ller Bankas\u0131, yerel idareler, belediyeler, su idareleri ve \u00f6zel m\u00fcteahhitlerin projeleri, yurtd\u0131\u015f\u0131nda ise Avrupa&#8217;dan Afrika&#8217;ya, Amerika&#8217;dan Asya ve Avustralya&#8217;ya kadar d\u00fcnyan\u0131n bir \u00e7ok b\u00f6lgesindeki projeler i\u00e7in boru temin eden SUPERL\u0130T, yar\u0131m y\u00fczy\u0131ldan fazla deneyimi ile boru sekt\u00f6r\u00fcn\u00fcn d\u00fcnyadaki liderlerindendir.<\/p>\n<h3>\n\tOur Values\n\t<\/h3>\n<p>Integrated Management Systems Certificates (ISO 9001, ISO 14001 &amp; ISO 45001) have been granted by internationally recognized and reputable independent organizations.<\/p>\n<h3>\n\tSustainability\n\t<\/h3>\n\t<p>You can review our website for our quality policy, CYS-ISG policy, corporate values \u200b\u200band environmental product statement. <a href=\"https:\/\/www.superlit.com\/tr\/\" target=\"_blank\" rel=\"noopener\">sitemizi<\/a> inceleyebilirsiniz.<\/p>\n\t<a href=\"https:\/\/www.superlit.com\/en\/corporate\/quality-policy\/\" target=\"_self\" role=\"button\" rel=\"noopener\">\n\t\t\t\t\tOur Quality Policies\n\t<\/a>\n<\/div><!-- .vgblk-rw-wrapper -->","protected":false},"excerpt":{"rendered":"<p>T\u00fcrk sanayi sekt\u00f6r\u00fcnde \u00f6nemli bir role sahip KARAMANCI HOLD\u0130NG&#8217;in ilk \u015firketi olan SUPERL\u0130T 1961 y\u0131l\u0131nda kurulmu\u015ftur. Superlit 2021 y\u0131l\u0131ndan itibaren, kompozit sekt\u00f6r\u00fcndeki uzun y\u0131llara dayanan tecr\u00fcbesiyle, topraks\u0131z tar\u0131m ve sera alanlar\u0131nda korozyona kar\u015f\u0131 s\u00fcrd\u00fcr\u00fclebilir \u00e7\u00f6z\u00fcmler \u00fcretmeye ba\u015flam\u0131\u015ft\u0131r. End\u00fcstriyel tar\u0131mdaki geli\u015fmeleri ve ihtiya\u00e7lar\u0131 belirledikten sonra kompozit \u00fcr\u00fcnlerin sekt\u00f6re getirece\u011fi avantajlar\u0131 ke\u015ffetmi\u015ftir. Topraks\u0131z tar\u0131m ve sera alanlar\u0131ndaki&#8230;<\/p>","protected":false},"author":1,"featured_media":0,"parent":0,"menu_order":0,"comment_status":"closed","ping_status":"closed","template":"","meta":{"om_disable_all_campaigns":false,"inline_featured_image":false,"_mi_skip_tracking":false,"_monsterinsights_sitenote_active":false,"_monsterinsights_sitenote_note":"","_monsterinsights_sitenote_category":0,"footnotes":""},"class_list":["post-13349","page","type-page","status-publish","hentry"],"_links":{"self":[{"href":"https:\/\/www.superlitgs.com\/en\/wp-json\/wp\/v2\/pages\/13349","targetHints":{"allow":["GET"]}}],"collection":[{"href":"https:\/\/www.superlitgs.com\/en\/wp-json\/wp\/v2\/pages"}],"about":[{"href":"https:\/\/www.superlitgs.com\/en\/wp-json\/wp\/v2\/types\/page"}],"author":[{"embeddable":true,"href":"https:\/\/www.superlitgs.com\/en\/wp-json\/wp\/v2\/users\/1"}],"replies":[{"embeddable":true,"href":"https:\/\/www.superlitgs.com\/en\/wp-json\/wp\/v2\/comments?post=13349"}],"version-history":[{"count":20,"href":"https:\/\/www.superlitgs.com\/en\/wp-json\/wp\/v2\/pages\/13349\/revisions"}],"predecessor-version":[{"id":987970,"href":"https:\/\/www.superlitgs.com\/en\/wp-json\/wp\/v2\/pages\/13349\/revisions\/987970"}],"wp:attachment":[{"href":"https:\/\/www.superlitgs.com\/en\/wp-json\/wp\/v2\/media?parent=13349"}],"curies":[{"name":"wp","href":"https:\/\/api.w.org\/{rel}","templated":true}]}}