{"id":987840,"date":"2023-05-09T12:29:32","date_gmt":"2023-05-09T12:29:32","guid":{"rendered":"https:\/\/www.superlitgs.com\/?page_id=987840"},"modified":"2023-07-10T15:41:00","modified_gmt":"2023-07-10T15:41:00","slug":"ctp-yetistirme-olugu","status":"publish","type":"page","link":"https:\/\/www.superlitgs.com\/en\/urunlerimiz\/ctp-yetistirme-olugu\/","title":{"rendered":"GRP Growing Gutter"},"content":{"rendered":"<div class=\"vgblk-rw-wrapper limit-wrapper\">\n\n\t\t\t\t\t\t\t<img decoding=\"async\" loading=\"lazy\" src=\"https:\/\/www.superlitgs.com\/wp-content\/uploads\/2023\/07\/GRP-Growing-Gutter.jpg\" alt=\"CTP-Yetis\u0327tirme-Olug\u0306u\" itemprop=\"image\" height=\"840\" width=\"2560\" title=\"CTP-Yetis\u0327tirme-Olug\u0306u\" onerror=\"this.style.display='none'\"  sizes=\"auto, (max-width: 768px) 100vw, 100vw\" srcset=\"https:\/\/www.superlitgs.com\/wp-content\/uploads\/2023\/07\/GRP-Growing-Gutter.jpg 2560w, https:\/\/www.superlitgs.com\/wp-content\/uploads\/2023\/07\/GRP-Growing-Gutter-300x98.jpg 300w, https:\/\/www.superlitgs.com\/wp-content\/uploads\/2023\/07\/GRP-Growing-Gutter-1024x336.jpg 1024w, https:\/\/www.superlitgs.com\/wp-content\/uploads\/2023\/07\/GRP-Growing-Gutter-768x252.jpg 768w, https:\/\/www.superlitgs.com\/wp-content\/uploads\/2023\/07\/GRP-Growing-Gutter-1536x504.jpg 1536w, https:\/\/www.superlitgs.com\/wp-content\/uploads\/2023\/07\/GRP-Growing-Gutter-2048x672.jpg 2048w, https:\/\/www.superlitgs.com\/wp-content\/uploads\/2023\/07\/GRP-Growing-Gutter-18x6.jpg 18w, https:\/\/www.superlitgs.com\/wp-content\/uploads\/2023\/07\/GRP-Growing-Gutter-1260x413.jpg 1260w, https:\/\/www.superlitgs.com\/wp-content\/uploads\/2023\/07\/GRP-Growing-Gutter-630x207.jpg 630w, https:\/\/www.superlitgs.com\/wp-content\/uploads\/2023\/07\/GRP-Growing-Gutter-420x138.jpg 420w, https:\/\/www.superlitgs.com\/wp-content\/uploads\/2023\/07\/GRP-Growing-Gutter-840x276.jpg 840w, https:\/\/www.superlitgs.com\/wp-content\/uploads\/2023\/07\/GRP-Growing-Gutter-315x103.jpg 315w\" \/>\t\t\t\t\t\t\t\n<h3>\n\t\t<a href=\"#\" title=\"Brochure\" target=\"_self\" rel=\"noopener\">\n\t\tBrochure\n\t\t<\/a>\n\t<\/h3>\n\t<p>Download our brochure and examine our products in detail.<\/p>\n\t\t\t<a href=\"https:\/\/www.superlitgs.com\/wp-content\/uploads\/2023\/06\/GRP-Growing-Gutter.pdf\" target=\"_self\" rel=\"noopener\">\n\t\t\t\t\t\tDownload PDF\n\t\t\t\t\t<\/a>\n<h2>\n\tGRP <br \/><strong>Growing Gutter<\/strong>\n\t<\/h2>\n<p>For the first time in the world, Glass Fiber Reinforced Polyester (GRP) Growing Gutters are being produced by Superlit, solving a long lasting problem of corrosion related durability issues in greenhouse applications.<\/p>\n\t\t\t\t\t\t\t<img decoding=\"async\" loading=\"lazy\" src=\"https:\/\/www.superlitgs.com\/wp-content\/uploads\/2023\/05\/gutter-son-foto.png\" alt=\"gutter son foto\" itemprop=\"image\" height=\"3000\" width=\"5000\" title=\"gutter son foto\" onerror=\"this.style.display='none'\"  sizes=\"auto, (max-width: 768px) 100vw, 100vw\" srcset=\"https:\/\/www.superlitgs.com\/wp-content\/uploads\/2023\/05\/gutter-son-foto.png 5000w, https:\/\/www.superlitgs.com\/wp-content\/uploads\/2023\/05\/gutter-son-foto-300x180.png 300w, https:\/\/www.superlitgs.com\/wp-content\/uploads\/2023\/05\/gutter-son-foto-1024x614.png 1024w, https:\/\/www.superlitgs.com\/wp-content\/uploads\/2023\/05\/gutter-son-foto-768x461.png 768w, https:\/\/www.superlitgs.com\/wp-content\/uploads\/2023\/05\/gutter-son-foto-1536x922.png 1536w, https:\/\/www.superlitgs.com\/wp-content\/uploads\/2023\/05\/gutter-son-foto-2048x1229.png 2048w, https:\/\/www.superlitgs.com\/wp-content\/uploads\/2023\/05\/gutter-son-foto-1260x756.png 1260w, https:\/\/www.superlitgs.com\/wp-content\/uploads\/2023\/05\/gutter-son-foto-630x378.png 630w, https:\/\/www.superlitgs.com\/wp-content\/uploads\/2023\/05\/gutter-son-foto-420x252.png 420w, https:\/\/www.superlitgs.com\/wp-content\/uploads\/2023\/05\/gutter-son-foto-840x504.png 840w, https:\/\/www.superlitgs.com\/wp-content\/uploads\/2023\/05\/gutter-son-foto-315x189.png 315w\" \/>\t\t\t\t\t\t\t\n<h3 class=\" translation-block\"><span class=\"vamtam-heading-text\">Advantages of <br><strong>GRP Growing Gutter<\/strong><\/span><\/h3>\n\t\t\tResistance to corrosion and chemicals\n\t\t<ul><li>Corrosion free solution due to non-metallic nature.<\/li><li>Much higher resistance to algae formation when compared\nto metal gutters, therefore preventing disease formation.<\/li><li>The white color of gutters will not come off during service\nlife<\/li><li>Ultraviolet resistance is designed considering greenhouse\nconditions.<\/li><li>Resistance to a wide range of pH and chemicals during\nservice life.<\/li><li>It has insulation properties and is not influenced by electric\ncurrent.<\/li><li>\u00a0<\/li><\/ul>\n\t\t\tLong service life\n\t\t<ul><li>Our GRP gutters are designed for a minimum of 50 years of service life based on international standards<\/li><li>Require no maintenance and running costs.<\/li><\/ul>\n\t\t\tPerfect and smooth inner surface\n\t\t<p>SUPERLIT GRP growing gutters have perfectly\nsmooth channels improving water flow in the\nchannel and avoid puddles inside the channel.\nThe smoothness of the surfaces stay the same\nthroughout the service life of the product.<\/p>\n\t\t\tSafe and easy connections\n\t\t<p>Standard SUPERLIT GRP Pipes have a\nflexible connection method and is leakproof\nthroughout the service life thanks to a full face\ncoupling and elastomeric seals. SUPERLIT GRP\nGeothermal Pipes are connected by either\nlamination or chemical adhesive to create a\nfully restrained connection.<\/p>\n\t\t\t\t\t\t\t<img decoding=\"async\" loading=\"lazy\" src=\"https:\/\/www.superlitgs.com\/wp-content\/uploads\/2023\/05\/gutter-2.-foto-scaled.jpg\" alt=\"tomato farm\" itemprop=\"image\" height=\"1707\" width=\"2560\" title=\"tomatos\" onerror=\"this.style.display='none'\"  sizes=\"auto, (max-width: 768px) 100vw, 100vw\" srcset=\"https:\/\/www.superlitgs.com\/wp-content\/uploads\/2023\/05\/gutter-2.-foto-scaled.jpg 2560w, https:\/\/www.superlitgs.com\/wp-content\/uploads\/2023\/05\/gutter-2.-foto-300x200.jpg 300w, https:\/\/www.superlitgs.com\/wp-content\/uploads\/2023\/05\/gutter-2.-foto-1024x683.jpg 1024w, https:\/\/www.superlitgs.com\/wp-content\/uploads\/2023\/05\/gutter-2.-foto-768x512.jpg 768w, https:\/\/www.superlitgs.com\/wp-content\/uploads\/2023\/05\/gutter-2.-foto-1536x1024.jpg 1536w, https:\/\/www.superlitgs.com\/wp-content\/uploads\/2023\/05\/gutter-2.-foto-2048x1365.jpg 2048w, https:\/\/www.superlitgs.com\/wp-content\/uploads\/2023\/05\/gutter-2.-foto-1260x840.jpg 1260w, https:\/\/www.superlitgs.com\/wp-content\/uploads\/2023\/05\/gutter-2.-foto-630x420.jpg 630w, https:\/\/www.superlitgs.com\/wp-content\/uploads\/2023\/05\/gutter-2.-foto-420x280.jpg 420w, https:\/\/www.superlitgs.com\/wp-content\/uploads\/2023\/05\/gutter-2.-foto-840x560.jpg 840w, https:\/\/www.superlitgs.com\/wp-content\/uploads\/2023\/05\/gutter-2.-foto-315x210.jpg 315w\" \/>\t\t\t\t\t\t\t\n\t\t\t\t\t\t\t<img decoding=\"async\" loading=\"lazy\" src=\"https:\/\/www.superlitgs.com\/wp-content\/uploads\/2023\/06\/Gutter-ing.-1.png\" alt=\"gutter ilk foto\" itemprop=\"image\" height=\"504\" width=\"840\" title=\"gutter ilk foto\" onerror=\"this.style.display='none'\"  sizes=\"auto, (max-width: 768px) 100vw, 100vw\" srcset=\"https:\/\/www.superlitgs.com\/wp-content\/uploads\/2023\/06\/Gutter-ing.-1.png 5000w, https:\/\/www.superlitgs.com\/wp-content\/uploads\/2023\/06\/Gutter-ing.-1-300x180.png 300w, https:\/\/www.superlitgs.com\/wp-content\/uploads\/2023\/06\/Gutter-ing.-1-1024x614.png 1024w, https:\/\/www.superlitgs.com\/wp-content\/uploads\/2023\/06\/Gutter-ing.-1-768x461.png 768w, https:\/\/www.superlitgs.com\/wp-content\/uploads\/2023\/06\/Gutter-ing.-1-1536x922.png 1536w, https:\/\/www.superlitgs.com\/wp-content\/uploads\/2023\/06\/Gutter-ing.-1-2048x1229.png 2048w, https:\/\/www.superlitgs.com\/wp-content\/uploads\/2023\/06\/Gutter-ing.-1-18x12.png 18w, https:\/\/www.superlitgs.com\/wp-content\/uploads\/2023\/06\/Gutter-ing.-1-1260x756.png 1260w, https:\/\/www.superlitgs.com\/wp-content\/uploads\/2023\/06\/Gutter-ing.-1-630x378.png 630w, https:\/\/www.superlitgs.com\/wp-content\/uploads\/2023\/06\/Gutter-ing.-1-420x252.png 420w, https:\/\/www.superlitgs.com\/wp-content\/uploads\/2023\/06\/Gutter-ing.-1-840x504.png 840w, https:\/\/www.superlitgs.com\/wp-content\/uploads\/2023\/06\/Gutter-ing.-1-315x189.png 315w\" \/>\t\t\t\t\t\t\t\n\t\t\t\t\t\t\t<img decoding=\"async\" src=\"https:\/\/www.superlitgs.com\/wp-content\/plugins\/beaver-builder-lite-version\/img\/pixel.png\" alt=\"\" itemprop=\"image\" onerror=\"this.style.display='none'\"  \/>\n\t\t\t\t\t\t\t<img decoding=\"async\" loading=\"lazy\" src=\"https:\/\/www.superlitgs.com\/wp-content\/uploads\/2023\/05\/gutter-render-1-1-840x504.png\" alt=\"gutter render 1\" itemprop=\"image\" height=\"504\" width=\"840\" title=\"gutter render 1\" onerror=\"this.style.display='none'\"  sizes=\"auto, (max-width: 768px) 100vw, 100vw\" srcset=\"https:\/\/www.superlitgs.com\/wp-content\/uploads\/2023\/05\/gutter-render-1-1-840x504.png 840w, https:\/\/www.superlitgs.com\/wp-content\/uploads\/2023\/05\/gutter-render-1-1-300x180.png 300w, https:\/\/www.superlitgs.com\/wp-content\/uploads\/2023\/05\/gutter-render-1-1-1024x614.png 1024w, https:\/\/www.superlitgs.com\/wp-content\/uploads\/2023\/05\/gutter-render-1-1-768x461.png 768w, https:\/\/www.superlitgs.com\/wp-content\/uploads\/2023\/05\/gutter-render-1-1-1536x922.png 1536w, https:\/\/www.superlitgs.com\/wp-content\/uploads\/2023\/05\/gutter-render-1-1-2048x1229.png 2048w, https:\/\/www.superlitgs.com\/wp-content\/uploads\/2023\/05\/gutter-render-1-1-1260x756.png 1260w, https:\/\/www.superlitgs.com\/wp-content\/uploads\/2023\/05\/gutter-render-1-1-630x378.png 630w, https:\/\/www.superlitgs.com\/wp-content\/uploads\/2023\/05\/gutter-render-1-1-420x252.png 420w, https:\/\/www.superlitgs.com\/wp-content\/uploads\/2023\/05\/gutter-render-1-1-315x189.png 315w\" \/>\t\t\t\t\t\t\t\n\t\t\t\t\t\t\t<img decoding=\"async\" loading=\"lazy\" src=\"https:\/\/www.superlitgs.com\/wp-content\/uploads\/2023\/05\/gutter-render-2-840x504.png\" alt=\"gutter render 2\" itemprop=\"image\" height=\"504\" width=\"840\" title=\"gutter render 2\" onerror=\"this.style.display='none'\"  sizes=\"auto, (max-width: 768px) 100vw, 100vw\" srcset=\"https:\/\/www.superlitgs.com\/wp-content\/uploads\/2023\/05\/gutter-render-2-840x504.png 840w, https:\/\/www.superlitgs.com\/wp-content\/uploads\/2023\/05\/gutter-render-2-300x180.png 300w, https:\/\/www.superlitgs.com\/wp-content\/uploads\/2023\/05\/gutter-render-2-1024x614.png 1024w, https:\/\/www.superlitgs.com\/wp-content\/uploads\/2023\/05\/gutter-render-2-768x461.png 768w, https:\/\/www.superlitgs.com\/wp-content\/uploads\/2023\/05\/gutter-render-2-1536x922.png 1536w, https:\/\/www.superlitgs.com\/wp-content\/uploads\/2023\/05\/gutter-render-2-2048x1229.png 2048w, https:\/\/www.superlitgs.com\/wp-content\/uploads\/2023\/05\/gutter-render-2-1260x756.png 1260w, https:\/\/www.superlitgs.com\/wp-content\/uploads\/2023\/05\/gutter-render-2-630x378.png 630w, https:\/\/www.superlitgs.com\/wp-content\/uploads\/2023\/05\/gutter-render-2-420x252.png 420w, https:\/\/www.superlitgs.com\/wp-content\/uploads\/2023\/05\/gutter-render-2-315x189.png 315w\" \/>\t\t\t\t\t\t\t\n\t<iframe loading=\"lazy\" width=\"560\" height=\"315\" src=\"https:\/\/www.youtube.com\/embed\/BDPcrfZT5To\" title=\"YouTube video player\" frameborder=\"0\" allow=\"accelerometer; autoplay; clipboard-write; encrypted-media; gyroscope; picture-in-picture; web-share\" allowfullscreen><\/iframe>\n<h2>\n\tOther <br \/><strong>Our Products<\/strong>\n\t<\/h2>\n<h4>\n\t\t\t<a href=\"https:\/\/www.superlitgs.com\/en\/urunlerimiz\/ctp-jeotermal-boru\/\" title=\"GRP Geothermal Pipes\" target=\"_self\" rel=\"noopener\">\n\tGRP Geothermal Pipes\n\t\t\t<\/a>\n\t<\/h4>\n\t<p>The Glass Fiber Reinforced Polyester (GRP) Geothermal Pipes manufactured by Superlit offer a unique solution to the durability problem caused by long-standing corrosion.<\/p>\n<h4>\n\t\t\t<a href=\"#\" title=\"Fertilizer Tanks\" target=\"_self\" rel=\"noopener\">\n\tFertilizer Tanks\n\t\t\t<\/a>\n\t<\/h4>\n\t<p>Superlit GRP Fertilizer Tanks are designed according to project needs and produced in 1000, 2000 and 3000L capacities.<\/p>\n<h4>\n\t\t\t<a href=\"#\" title=\"Sedimentation Tanks\" target=\"_self\" rel=\"noopener\">\n\tSedimentation Tanks\n\t\t\t<\/a>\n\t<\/h4>\n\t<p>Superlit\u2019s GRP Settling Tanks are custom-designed to meet project-specific requirements and are available in capacities ranging from 100 - 150- 200 to 250 m3.<\/p>\n\n<\/div><!-- .vgblk-rw-wrapper -->","protected":false},"excerpt":{"rendered":"<p>Bro\u015f\u00fcr Bro\u015f\u00fcr\u00fcm\u00fcz\u00fc indirin ve \u00fcr\u00fcnlerimizi detayl\u0131 inceleyin. PDF \u0130ndir CTP Yeti\u015ftirme Olu\u011fu Topraks\u0131z Tar\u0131m teknolojilerinde \u00f6nemli bir yeralan yeti\u015ftirme oluklar\u0131nda du\u0308nyada ilk kez Cam Elyaf Takviyeli Polyester (CTP) Yeti\u015ftirme Olu\u011fu Superlit taraf\u0131ndan u\u0308retilmeye ba\u015flanm\u0131\u015ft\u0131r. CTP Yeti\u015ftirme Olu\u011fu Avantajlar\u0131 Korozyona ve kimyasallara kar\u015f\u0131 diren\u00e7 Metalik malzemeden u\u0308retilmedi\u011fi i\u00e7in korozyona u\u011framaz. Yosun olu\u015fumuna kar\u015f\u0131 direnci metal oluklara&#8230;<\/p>","protected":false},"author":1,"featured_media":0,"parent":13345,"menu_order":0,"comment_status":"closed","ping_status":"closed","template":"","meta":{"om_disable_all_campaigns":false,"inline_featured_image":false,"_mi_skip_tracking":false,"_monsterinsights_sitenote_active":false,"_monsterinsights_sitenote_note":"","_monsterinsights_sitenote_category":0,"footnotes":""},"class_list":["post-987840","page","type-page","status-publish","hentry"],"_links":{"self":[{"href":"https:\/\/www.superlitgs.com\/en\/wp-json\/wp\/v2\/pages\/987840","targetHints":{"allow":["GET"]}}],"collection":[{"href":"https:\/\/www.superlitgs.com\/en\/wp-json\/wp\/v2\/pages"}],"about":[{"href":"https:\/\/www.superlitgs.com\/en\/wp-json\/wp\/v2\/types\/page"}],"author":[{"embeddable":true,"href":"https:\/\/www.superlitgs.com\/en\/wp-json\/wp\/v2\/users\/1"}],"replies":[{"embeddable":true,"href":"https:\/\/www.superlitgs.com\/en\/wp-json\/wp\/v2\/comments?post=987840"}],"version-history":[{"count":20,"href":"https:\/\/www.superlitgs.com\/en\/wp-json\/wp\/v2\/pages\/987840\/revisions"}],"predecessor-version":[{"id":988098,"href":"https:\/\/www.superlitgs.com\/en\/wp-json\/wp\/v2\/pages\/987840\/revisions\/988098"}],"up":[{"embeddable":true,"href":"https:\/\/www.superlitgs.com\/en\/wp-json\/wp\/v2\/pages\/13345"}],"wp:attachment":[{"href":"https:\/\/www.superlitgs.com\/en\/wp-json\/wp\/v2\/media?parent=987840"}],"curies":[{"name":"wp","href":"https:\/\/api.w.org\/{rel}","templated":true}]}}