{"id":988071,"date":"2023-07-06T13:27:36","date_gmt":"2023-07-06T13:27:36","guid":{"rendered":"https:\/\/www.superlitgs.com\/?page_id=988071"},"modified":"2023-07-10T15:29:11","modified_gmt":"2023-07-10T15:29:11","slug":"temiz-su-tanklari","status":"publish","type":"page","link":"https:\/\/www.superlitgs.com\/en\/urunlerimiz\/temiz-su-tanklari\/","title":{"rendered":"Clean Water Tanks"},"content":{"rendered":"<div class=\"vgblk-rw-wrapper limit-wrapper\">\n\n\t\t\t\t\t\t\t<img decoding=\"async\" loading=\"lazy\" src=\"https:\/\/www.superlitgs.com\/wp-content\/uploads\/2023\/07\/clean-water-tanks.jpg\" alt=\"temiz-su-tanklar\u0131\" itemprop=\"image\" height=\"840\" width=\"2560\" title=\"temiz-su-tanklar\u0131\" onerror=\"this.style.display='none'\"  sizes=\"auto, (max-width: 768px) 100vw, 100vw\" srcset=\"https:\/\/www.superlitgs.com\/wp-content\/uploads\/2023\/07\/clean-water-tanks.jpg 2560w, https:\/\/www.superlitgs.com\/wp-content\/uploads\/2023\/07\/clean-water-tanks-300x98.jpg 300w, https:\/\/www.superlitgs.com\/wp-content\/uploads\/2023\/07\/clean-water-tanks-1024x336.jpg 1024w, https:\/\/www.superlitgs.com\/wp-content\/uploads\/2023\/07\/clean-water-tanks-768x252.jpg 768w, https:\/\/www.superlitgs.com\/wp-content\/uploads\/2023\/07\/clean-water-tanks-1536x504.jpg 1536w, https:\/\/www.superlitgs.com\/wp-content\/uploads\/2023\/07\/clean-water-tanks-2048x672.jpg 2048w, https:\/\/www.superlitgs.com\/wp-content\/uploads\/2023\/07\/clean-water-tanks-18x6.jpg 18w, https:\/\/www.superlitgs.com\/wp-content\/uploads\/2023\/07\/clean-water-tanks-1260x413.jpg 1260w, https:\/\/www.superlitgs.com\/wp-content\/uploads\/2023\/07\/clean-water-tanks-630x207.jpg 630w, https:\/\/www.superlitgs.com\/wp-content\/uploads\/2023\/07\/clean-water-tanks-420x138.jpg 420w, https:\/\/www.superlitgs.com\/wp-content\/uploads\/2023\/07\/clean-water-tanks-840x276.jpg 840w, https:\/\/www.superlitgs.com\/wp-content\/uploads\/2023\/07\/clean-water-tanks-315x103.jpg 315w\" \/>\t\t\t\t\t\t\t\n<h3>\n\t\t<a href=\"#\" title=\"Brochure\" target=\"_self\" rel=\"noopener\">\n\t\tBrochure\n\t\t<\/a>\n\t<\/h3>\n\t<p>Download our brochure and examine our products in detail.<\/p>\n\t\t\t<a href=\"https:\/\/www.superlitgs.com\/wp-content\/uploads\/2023\/06\/KATALOG-3-5-ENG-FORMA.pdf\" target=\"_self\" rel=\"noopener\">\n\t\t\t\t\t\tDownload PDF\n\t\t\t\t\t<\/a>\n<h2>\n\tClean Water <strong>Tanks<\/strong>\n\t<\/h2>\nSuperlit\u2019s GRP Clean Water Tanks are also custom-designed to meet project-specific requirements and produced in the desired capacities.<br \/>\nTheir composite structure provides maximum durability, facilitating easy maintenance and cleaning for many years. Thanks to their lightweight structure, these tanks can be easily installed and serviced. Additionally, our GRP Clean Water Tanks are produced in compliance with drinking water standards.\n\t\t\t\t\t\t\t<img decoding=\"async\" loading=\"lazy\" src=\"https:\/\/www.superlitgs.com\/wp-content\/uploads\/2023\/06\/su-tanki-2.png\" alt=\"su tank\u0131 render\" itemprop=\"image\" height=\"3000\" width=\"5000\" title=\"su tank\u0131 render\" onerror=\"this.style.display='none'\"  sizes=\"auto, (max-width: 768px) 100vw, 100vw\" srcset=\"https:\/\/www.superlitgs.com\/wp-content\/uploads\/2023\/06\/su-tanki-2.png 5000w, https:\/\/www.superlitgs.com\/wp-content\/uploads\/2023\/06\/su-tanki-2-300x180.png 300w, https:\/\/www.superlitgs.com\/wp-content\/uploads\/2023\/06\/su-tanki-2-1024x614.png 1024w, https:\/\/www.superlitgs.com\/wp-content\/uploads\/2023\/06\/su-tanki-2-768x461.png 768w, https:\/\/www.superlitgs.com\/wp-content\/uploads\/2023\/06\/su-tanki-2-1536x922.png 1536w, https:\/\/www.superlitgs.com\/wp-content\/uploads\/2023\/06\/su-tanki-2-2048x1229.png 2048w, https:\/\/www.superlitgs.com\/wp-content\/uploads\/2023\/06\/su-tanki-2-18x12.png 18w, https:\/\/www.superlitgs.com\/wp-content\/uploads\/2023\/06\/su-tanki-2-1260x756.png 1260w, https:\/\/www.superlitgs.com\/wp-content\/uploads\/2023\/06\/su-tanki-2-630x378.png 630w, https:\/\/www.superlitgs.com\/wp-content\/uploads\/2023\/06\/su-tanki-2-420x252.png 420w, https:\/\/www.superlitgs.com\/wp-content\/uploads\/2023\/06\/su-tanki-2-840x504.png 840w, https:\/\/www.superlitgs.com\/wp-content\/uploads\/2023\/06\/su-tanki-2-315x189.png 315w\" \/>\t\t\t\t\t\t\t\n<h2>\n\tOther <br \/><strong>Our Products<\/strong>\n\t<\/h2>\n<h4>\n\t\t\t<a href=\"https:\/\/www.superlitgs.com\/en\/urunlerimiz\/ctp-yetistirme-olugu\/\" title=\"GRP Growing Gutter\" target=\"_self\" rel=\"noopener\">\n\tGRP Growing Gutter\n\t\t\t<\/a>\n\t<\/h4>\n\t<p>Superlit has started producing Growing Gutters reinforced with Glass Fiber Reinforced Polyester (GFRP), a pioneering technology in soilless agriculture.<\/p>\n<h4>\n\t\t\t<a href=\"https:\/\/www.superlitgs.com\/en\/urunlerimiz\/gubre-tanklari\/\" title=\"Fertilizer Tanks\" target=\"_self\" rel=\"noopener\">\n\tFertilizer Tanks\n\t\t\t<\/a>\n\t<\/h4>\n\t<p>Superlit GRP Fertilizer Tanks are designed according to project needs and produced in 1000, 2000 and 3000L capacities.<\/p>\n<h4>\n\t\t\t<a href=\"#\" title=\"Sedimentation Tanks\" target=\"_self\" rel=\"noopener\">\n\tSedimentation Tanks\n\t\t\t<\/a>\n\t<\/h4>\n\t<p>Superlit\u2019s GRP Settling Tanks are custom-designed to meet project-specific requirements and are available in capacities ranging from 100 - 150- 200 to 250 m3.<\/p>\n\n<\/div><!-- .vgblk-rw-wrapper -->","protected":false},"excerpt":{"rendered":"<p>Bro\u015f\u00fcr Bro\u015f\u00fcr\u00fcm\u00fcz\u00fc indirin ve \u00fcr\u00fcnlerimizi detayl\u0131 inceleyin. PDF \u0130ndir Temiz Su Tanklar\u0131 Superlit CTP Temiz Su Tanklar\u0131 proje ihtiya\u00e7lar\u0131na g\u00f6re tasarlan\u0131p istenilen kapasitelerde \u00fcretilmektedir. Kompozit yap\u0131s\u0131ndan dolay\u0131 uzun y\u0131llar maksimum diren\u00e7, temizlik ve bak\u0131m konusunda b\u00fcy\u00fck kolayl\u0131klar sa\u011flamaktad\u0131r. Hafif yap\u0131s\u0131 sayesinde tanklar kolay ve h\u0131zl\u0131ca yerle\u015ftirilip servise al\u0131nabilmektedir. CTP Temiz Su Tanklar\u0131m\u0131z i\u00e7me suyuna uygun&#8230;<\/p>","protected":false},"author":1,"featured_media":0,"parent":13345,"menu_order":0,"comment_status":"closed","ping_status":"closed","template":"","meta":{"om_disable_all_campaigns":false,"inline_featured_image":false,"_mi_skip_tracking":false,"_monsterinsights_sitenote_active":false,"_monsterinsights_sitenote_note":"","_monsterinsights_sitenote_category":0,"footnotes":""},"class_list":["post-988071","page","type-page","status-publish","hentry"],"_links":{"self":[{"href":"https:\/\/www.superlitgs.com\/en\/wp-json\/wp\/v2\/pages\/988071","targetHints":{"allow":["GET"]}}],"collection":[{"href":"https:\/\/www.superlitgs.com\/en\/wp-json\/wp\/v2\/pages"}],"about":[{"href":"https:\/\/www.superlitgs.com\/en\/wp-json\/wp\/v2\/types\/page"}],"author":[{"embeddable":true,"href":"https:\/\/www.superlitgs.com\/en\/wp-json\/wp\/v2\/users\/1"}],"replies":[{"embeddable":true,"href":"https:\/\/www.superlitgs.com\/en\/wp-json\/wp\/v2\/comments?post=988071"}],"version-history":[{"count":7,"href":"https:\/\/www.superlitgs.com\/en\/wp-json\/wp\/v2\/pages\/988071\/revisions"}],"predecessor-version":[{"id":988086,"href":"https:\/\/www.superlitgs.com\/en\/wp-json\/wp\/v2\/pages\/988071\/revisions\/988086"}],"up":[{"embeddable":true,"href":"https:\/\/www.superlitgs.com\/en\/wp-json\/wp\/v2\/pages\/13345"}],"wp:attachment":[{"href":"https:\/\/www.superlitgs.com\/en\/wp-json\/wp\/v2\/media?parent=988071"}],"curies":[{"name":"wp","href":"https:\/\/api.w.org\/{rel}","templated":true}]}}